{"id":15,"date":"2015-04-06T15:24:27","date_gmt":"2015-04-06T12:24:27","guid":{"rendered":"http:\/\/gatec.fi\/wordpress\/?page_id=15"},"modified":"2019-04-10T18:08:35","modified_gmt":"2019-04-10T15:08:35","slug":"palvelut","status":"publish","type":"page","link":"http:\/\/gatec.fi\/wordpress\/palvelut\/","title":{"rendered":"Kiinan liiketoimintakonsultointi"},"content":{"rendered":"<h5><strong>Tarjoamme suomalaisille ja pohjoimaisille yrityksille seuraavia palveluita:<\/strong><\/h5>\n<p>Konsultointi Kiinan liiketoiminnasta<\/p>\n<ul>\n<li>liiketoiminnan mahdollisuuksien analyysi<\/li>\n<li>Kiinan markkinatutkimus<\/li>\n<li>liikekumppaneiden etsiminen Kiinasta\n<ul>\n<li>yhteisty\u00f6 Finnpartnershipin kanssa<\/li>\n<li>suomalaisyrityksill\u00e4 mahdollisuus saada rahoitusta Finnpartnershipilt\u00e4 liiikekumppanin etsint\u00e4\u00e4n ja markkinatutkimukseen<\/li>\n<\/ul>\n<\/li>\n<\/ul>\n","protected":false},"excerpt":{"rendered":"<p>Tarjoamme suomalaisille ja pohjoimaisille yrityksille seuraavia palveluita: Konsultointi Kiinan liiketoiminnasta liiketoiminnan mahdollisuuksien analyysi Kiinan markkinatutkimus liikekumppaneiden etsiminen Kiinasta yhteisty\u00f6 Finnpartnershipin kanssa suomalaisyrityksill\u00e4 mahdollisuus saada rahoitusta Finnpartnershipilt\u00e4 liiikekumppanin etsint\u00e4\u00e4n ja markkinatutkimukseen<\/p>\n","protected":false},"author":1,"featured_media":0,"parent":0,"menu_order":3,"comment_status":"closed","ping_status":"closed","template":"","meta":{"footnotes":""},"_links":{"self":[{"href":"http:\/\/gatec.fi\/wordpress\/wp-json\/wp\/v2\/pages\/15"}],"collection":[{"href":"http:\/\/gatec.fi\/wordpress\/wp-json\/wp\/v2\/pages"}],"about":[{"href":"http:\/\/gatec.fi\/wordpress\/wp-json\/wp\/v2\/types\/page"}],"author":[{"embeddable":true,"href":"http:\/\/gatec.fi\/wordpress\/wp-json\/wp\/v2\/users\/1"}],"replies":[{"embeddable":true,"href":"http:\/\/gatec.fi\/wordpress\/wp-json\/wp\/v2\/comments?post=15"}],"version-history":[{"count":8,"href":"http:\/\/gatec.fi\/wordpress\/wp-json\/wp\/v2\/pages\/15\/revisions"}],"predecessor-version":[{"id":268,"href":"http:\/\/gatec.fi\/wordpress\/wp-json\/wp\/v2\/pages\/15\/revisions\/268"}],"wp:attachment":[{"href":"http:\/\/gatec.fi\/wordpress\/wp-json\/wp\/v2\/media?parent=15"}],"curies":[{"name":"wp","href":"https:\/\/api.w.org\/{rel}","templated":true}]}}