{"id":2,"date":"2015-04-06T11:15:01","date_gmt":"2015-04-06T11:15:01","guid":{"rendered":"http:\/\/gatec.fi\/wordpress\/?page_id=2"},"modified":"2019-12-14T19:01:37","modified_gmt":"2019-12-14T17:01:37","slug":"yritys","status":"publish","type":"page","link":"http:\/\/gatec.fi\/wordpress\/yritys\/","title":{"rendered":"Yritys"},"content":{"rendered":"<p><a href=\"http:\/\/gatec.fi\/wordpress\/wp-content\/uploads\/2019\/12\/Wei-Lu-5.11.2018-3.jpg\"><img loading=\"lazy\" decoding=\"async\" class=\"alignnone  wp-image-296\" src=\"http:\/\/gatec.fi\/wordpress\/wp-content\/uploads\/2019\/12\/Wei-Lu-5.11.2018-3-199x300.jpg\" alt=\"\" width=\"120\" height=\"181\" srcset=\"http:\/\/gatec.fi\/wordpress\/wp-content\/uploads\/2019\/12\/Wei-Lu-5.11.2018-3-199x300.jpg 199w, http:\/\/gatec.fi\/wordpress\/wp-content\/uploads\/2019\/12\/Wei-Lu-5.11.2018-3-679x1024.jpg 679w, http:\/\/gatec.fi\/wordpress\/wp-content\/uploads\/2019\/12\/Wei-Lu-5.11.2018-3-768x1158.jpg 768w, http:\/\/gatec.fi\/wordpress\/wp-content\/uploads\/2019\/12\/Wei-Lu-5.11.2018-3-1019x1536.jpg 1019w, http:\/\/gatec.fi\/wordpress\/wp-content\/uploads\/2019\/12\/Wei-Lu-5.11.2018-3-1358x2048.jpg 1358w, http:\/\/gatec.fi\/wordpress\/wp-content\/uploads\/2019\/12\/Wei-Lu-5.11.2018-3.jpg 1601w\" sizes=\"(max-width: 120px) 100vw, 120px\" \/><\/a><\/p>\n<p>Yritys perustettiin vuonna 2007. Siit\u00e4 l\u00e4htien sit\u00e4 on johtanut KTT Lu Wei. H\u00e4nell\u00e4 on yli 20 vuoden kokemus koulutuksesta, tutkimuksesta ja liike-el\u00e4m\u00e4st\u00e4 sek\u00e4 Kiinassa ett\u00e4 Suomessa ja Euroopassa.<\/p>\n<p>Lu Wei tuli Suomeen vuonna 1995 opettamaan suomalaisia liikemiehi\u00e4 Doing Business in China -ohjelmassa. Se oli yksi ennsim\u00e4ist\u00e4 Kiina-ohjelmista Suomessa. Siit\u00e4 l\u00e4htien h\u00e4n on luennoinut sek\u00e4 yliopistoissa ja korkeakouluissa ett\u00e4 yrityskoulutuksissa Kiinan liityvist\u00e4 liiketoiminnan aiheista. Aiheisiin kuuluvat Kiinan avautumisen ja talouden politiikat, Kiinan yritystoiminnan uudistaminen, Kiinan ulkomaankauppa ja investoinnit ulkomaille, Kiinan investointiymp\u00e4ris\u00f6, immateriaalioikeudet Kiinan n\u00e4k\u00f6kulmasta, kiinalainen liiketoimintakulttuuri, Kiinan viestint\u00e4 ja kiinankielen alkeet liikemiehille.<\/p>\n<p>Lu Wei on ty\u00f6skennellyt my\u00f6s monessa tutkimusprojektissa, kuten ulkomaisten yritysten henkil\u00f6st\u00f6hallinnon k\u00e4yt\u00e4nt\u00f6jen sopeuttaminen Kiinassa, suomalaisyritysten strategiat Kiinassa, Kiinan investointitoiminta Suomessa ja Baltian maissa, pohjoismaiset yritykset Kiinassa \u2013 mahdollisuudet, menestys ja haasteet, Suomen pk-yritysten kansainv\u00e4listyminen, kiinalais-suomalainen yritysviestint\u00e4, ja Kiinan ty\u00f6komennuksen koulutustarpeet euroopalaisille. N\u00e4m\u00e4 koulutus- ja tutkimuskokemukseni ovat luoneet vahvan osaamisen yrityksen palveluissamme. Lue lis\u00e4\u00e4:<a href=\"https:\/\/www.linkedin.com\/in\/wei-lu-5a98a14\/\"> LinkedIn<\/a>:in kautta.<\/p>\n<p>Lue tuore juttu Aamupostista:<\/p>\n\n\n<figure class=\"wp-block-image size-large\"><img loading=\"lazy\" decoding=\"async\" width=\"724\" height=\"1024\" src=\"http:\/\/gatec.fi\/wordpress\/wp-content\/uploads\/2019\/12\/Aamuposti-8.12.2019-724x1024.jpg\" alt=\"\" class=\"wp-image-292\" srcset=\"http:\/\/gatec.fi\/wordpress\/wp-content\/uploads\/2019\/12\/Aamuposti-8.12.2019-724x1024.jpg 724w, http:\/\/gatec.fi\/wordpress\/wp-content\/uploads\/2019\/12\/Aamuposti-8.12.2019-212x300.jpg 212w, http:\/\/gatec.fi\/wordpress\/wp-content\/uploads\/2019\/12\/Aamuposti-8.12.2019-768x1086.jpg 768w, http:\/\/gatec.fi\/wordpress\/wp-content\/uploads\/2019\/12\/Aamuposti-8.12.2019-1086x1536.jpg 1086w, http:\/\/gatec.fi\/wordpress\/wp-content\/uploads\/2019\/12\/Aamuposti-8.12.2019-1448x2048.jpg 1448w, http:\/\/gatec.fi\/wordpress\/wp-content\/uploads\/2019\/12\/Aamuposti-8.12.2019-scaled.jpg 1810w\" sizes=\"(max-width: 724px) 100vw, 724px\" \/><\/figure>\n","protected":false},"excerpt":{"rendered":"<p>Yritys perustettiin vuonna 2007. Siit\u00e4 l\u00e4htien sit\u00e4 on johtanut KTT Lu Wei. H\u00e4nell\u00e4 on yli 20 vuoden kokemus koulutuksesta, tutkimuksesta ja liike-el\u00e4m\u00e4st\u00e4 sek\u00e4 Kiinassa ett\u00e4 Suomessa ja Euroopassa. Lu Wei <a class=\"more-link\" href=\"http:\/\/gatec.fi\/wordpress\/yritys\/\">Continue Reading &amp;rarr;<\/a><\/p>\n","protected":false},"author":1,"featured_media":0,"parent":0,"menu_order":1,"comment_status":"open","ping_status":"open","template":"","meta":{"footnotes":""},"_links":{"self":[{"href":"http:\/\/gatec.fi\/wordpress\/wp-json\/wp\/v2\/pages\/2"}],"collection":[{"href":"http:\/\/gatec.fi\/wordpress\/wp-json\/wp\/v2\/pages"}],"about":[{"href":"http:\/\/gatec.fi\/wordpress\/wp-json\/wp\/v2\/types\/page"}],"author":[{"embeddable":true,"href":"http:\/\/gatec.fi\/wordpress\/wp-json\/wp\/v2\/users\/1"}],"replies":[{"embeddable":true,"href":"http:\/\/gatec.fi\/wordpress\/wp-json\/wp\/v2\/comments?post=2"}],"version-history":[{"count":11,"href":"http:\/\/gatec.fi\/wordpress\/wp-json\/wp\/v2\/pages\/2\/revisions"}],"predecessor-version":[{"id":298,"href":"http:\/\/gatec.fi\/wordpress\/wp-json\/wp\/v2\/pages\/2\/revisions\/298"}],"wp:attachment":[{"href":"http:\/\/gatec.fi\/wordpress\/wp-json\/wp\/v2\/media?parent=2"}],"curies":[{"name":"wp","href":"https:\/\/api.w.org\/{rel}","templated":true}]}}