{"id":20,"date":"2015-04-06T15:25:46","date_gmt":"2015-04-06T12:25:46","guid":{"rendered":"http:\/\/gatec.fi\/wordpress\/?page_id=20"},"modified":"2019-04-10T17:59:28","modified_gmt":"2019-04-10T14:59:28","slug":"yhteystiedot","status":"publish","type":"page","link":"http:\/\/gatec.fi\/wordpress\/yhteystiedot\/","title":{"rendered":"Yhteystiedot"},"content":{"rendered":"<h5><strong>Suomessa:<\/strong><\/h5>\n<p>Gateway Europe &#8211; China Oy Ltd.<br \/>\nHyvink\u00e4\u00e4<br \/>\nS\u00e4hk\u00f6posti: <a href=\"mailto:europe-china@gatec.fi\">luwei.gatec@gmail.com<\/a><br \/>\nWeb: <a href=\"http:\/\/www.gatec.fi\/\">www.gatec.fi<\/a><\/p>\n<p>Wei Lu<br \/>\nKTT<br \/>\nToimitusjohtaja<br \/>\nS\u00e4hk\u00f6posti: <a href=\"mailto:luwei.gatec@gmail.com\">luwei.gatec@gmail.com<\/a><br \/>\nPuh. +358 40 587 8462<\/p>\n<h5><strong>Kiinassa:<\/strong><\/h5>\n<p>Lu Weiqing<br \/>\nEkonomisti<br \/>\nKiinan yhteyshenkil\u00f6<br \/>\nS\u00e4hk\u00f6posti: <a href=\"mailto:ksweiqing@189.cn\">ksweiqing@189.cn<\/a><br \/>\nPuhelin: +86\u00a0189 0626 0176<\/p>\n","protected":false},"excerpt":{"rendered":"<p>Suomessa: Gateway Europe &#8211; China Oy Ltd. Hyvink\u00e4\u00e4 S\u00e4hk\u00f6posti: luwei.gatec@gmail.com Web: www.gatec.fi Wei Lu KTT Toimitusjohtaja S\u00e4hk\u00f6posti: luwei.gatec@gmail.com Puh. +358 40 587 8462 Kiinassa: Lu Weiqing Ekonomisti Kiinan yhteyshenkil\u00f6 S\u00e4hk\u00f6posti: <a class=\"more-link\" href=\"http:\/\/gatec.fi\/wordpress\/yhteystiedot\/\">Continue Reading &amp;rarr;<\/a><\/p>\n","protected":false},"author":1,"featured_media":0,"parent":0,"menu_order":6,"comment_status":"closed","ping_status":"closed","template":"","meta":{"footnotes":""},"_links":{"self":[{"href":"http:\/\/gatec.fi\/wordpress\/wp-json\/wp\/v2\/pages\/20"}],"collection":[{"href":"http:\/\/gatec.fi\/wordpress\/wp-json\/wp\/v2\/pages"}],"about":[{"href":"http:\/\/gatec.fi\/wordpress\/wp-json\/wp\/v2\/types\/page"}],"author":[{"embeddable":true,"href":"http:\/\/gatec.fi\/wordpress\/wp-json\/wp\/v2\/users\/1"}],"replies":[{"embeddable":true,"href":"http:\/\/gatec.fi\/wordpress\/wp-json\/wp\/v2\/comments?post=20"}],"version-history":[{"count":13,"href":"http:\/\/gatec.fi\/wordpress\/wp-json\/wp\/v2\/pages\/20\/revisions"}],"predecessor-version":[{"id":233,"href":"http:\/\/gatec.fi\/wordpress\/wp-json\/wp\/v2\/pages\/20\/revisions\/233"}],"wp:attachment":[{"href":"http:\/\/gatec.fi\/wordpress\/wp-json\/wp\/v2\/media?parent=20"}],"curies":[{"name":"wp","href":"https:\/\/api.w.org\/{rel}","templated":true}]}}