{"id":202,"date":"2019-02-22T21:49:27","date_gmt":"2019-02-22T19:49:27","guid":{"rendered":"http:\/\/gatec.fi\/wordpress\/?page_id=202"},"modified":"2024-02-25T15:15:47","modified_gmt":"2024-02-25T13:15:47","slug":"visit-finland-valmentaja","status":"publish","type":"page","link":"http:\/\/gatec.fi\/wordpress\/visit-finland-valmentaja\/","title":{"rendered":"Matkailuyritt\u00e4jien valmennus Kiinan markkinoille"},"content":{"rendered":"<p><img loading=\"lazy\" decoding=\"async\" class=\"alignright\" src=\"https:\/\/visitfinland.stat.fi\/PXWeb\/Resources\/Images\/visitfinland.png\" width=\"173\" height=\"115\" \/><\/p>\n<p>Yrityksemme on Visit Finland Akatemian valmenttaja. Tarjoamme valmennusta seuraavista aiheista:<\/p>\n<ul>\n<li><strong>Tuotekehitt\u00e4minen Kiinan markkinoille, (Steady &amp; Go) 1\/2 \u2013 1 pv<\/strong><\/li>\n<\/ul>\n<p>&#8211; Miten kehitt\u00e4\u00e4 Culture Finland -tuotteita, erityisesti design-teeman tuotteita Kiinan markkinoille?<\/p>\n<p>&#8211; Miten kehitt\u00e4\u00e4 kes\u00e4n ja talven Outdoors-tuotteita Kiinan markkinoille?<\/p>\n<p>&#8211; Miten kehitt\u00e4\u00e4 Stopover-tuotteita Kiinan markkinoille?<\/p>\n<p>-Miten eri tuotetyypit, esim. tuotekortti, pakettimatkat, on request -tuote tai takuul\u00e4ht\u00f6 ja omatoimituotteet, sopivat Kiinan markkinoille?<\/p>\n<p>-Mist\u00e4 kiinalaiset pit\u00e4v\u00e4t Suomessa?<\/p>\n<ul>\n<li><strong>Kiinan markkinoinnin jakelukanavat, (Steady &amp; Go) 1\/2 \u2013 1 pv<\/strong><\/li>\n<\/ul>\n<p>-Kiinan matkailujakelukanavat ja niiden toimintatavat.<\/p>\n<p>-T\u00e4rkemm\u00e4t online-kanavat Kiinassa.<\/p>\n<p>-Miten valita oikeita jakelukanavia?<\/p>\n<p>-Yhteisty\u00f6 tuotekehitt\u00e4misess\u00e4 jakelukanavien kanssa.<\/p>\n<ul>\n<li>Hinnoittelu Kiinan markkinoille, (Steady &amp; Go) 1\/2 \u2013 1 pv<\/li>\n<\/ul>\n<p>-Kiinan neuvottelun kulttuuri ja sen vaikutus kaupantekoon.<\/p>\n<p>-Kiinalaiset hinnanneuvottelutavat.<\/p>\n<p>-Miten valmistaudutaan hinnan neuvotteluun?<\/p>\n<p>-Hinnoittelu eri jakelukanavissa.<\/p>\n<ul>\n<li><strong>Markkinointiviestint\u00e4 Kiinan markkinoille, (Steady &amp; Go) 1\/2 \u2013 1 pv<\/strong><\/li>\n<\/ul>\n<p>-Markkinointikanavat Kiinassa ja niiden rooli.<\/p>\n<p>-Miten hy\u00f6ty\u00e4 some-markkinoinnista Kiinan markkinoilla.<\/p>\n<p>-Miten valmistella markkinointimateriaalit (esim mainokset, kotisivut, esitteet) Kiinan markkinoille?<\/p>\n<p>-Miten paketoida tuotteita, jotka ovat kiinalaisturisteille houkuttelevia?<\/p>\n<ul>\n<li><strong>Asiakaspalvelun kehitt\u00e4minen Kiinan markkinoille, (Steady &amp; Go) 1\/2 \u2013 1 pv<\/strong><\/li>\n<\/ul>\n<p>-Mit\u00e4 kiinalaiset odottavat turistipaveluilta?<\/p>\n<p>-Kiinalaisturistien kulutusk\u00e4ytt\u00e4ytyminen.<\/p>\n<p>-Miten lis\u00e4t\u00e4 tuotearvoa tarjoamalla asiakaspalveluja.<\/p>\n<p>-Kuinka k\u00e4ytt\u00e4\u00e4 palautetta asiakaspalvelun kehitt\u00e4miseen?<\/p>\n<p>-K\u00e4yt\u00e4 apuna rohkeasti Suomessa asuvia kiinalaisia osaajia.<\/p>\n<ul>\n<li><strong>Kiinan kulttuurin ja kiinan kielen perusteet, (Steady &amp; Go) 1\/2 pv alkaen<\/strong><\/li>\n<\/ul>\n<p>-Perinteiset kiinalaiset uskonnot ja uskomukset.<\/p>\n<p>-Modernit kiinalaiset trendit.<\/p>\n<p>-Kiinalaisen liiketoimintakulttuurin ja tapojen ominaispiirteet.<\/p>\n<p>-Perustietoja kiinan kirjoitusmerkeist\u00e4.<\/p>\n<p>-Kiinan kielen yksinkertaisia ilmaisuja, mm. tervehdykset ja esitt\u00e4ytyminen.<\/p>\n<p>-Kiinan kulttuurin ja kiinan kielen tuntemuksen t\u00e4rke\u00e4 rooli henkil\u00f6suhteiden luomisessa ja liikesuhteiden pit\u00e4misess\u00e4.<\/p>\n<ul>\n<li><strong>Koulutusmatkailun tuotteistaminen ja palvelujen toteuttaminen (Steady &amp; Go) 1 \u2013 2 pv<\/strong><\/li>\n<\/ul>\n<p>-Ymm\u00e4rt\u00e4\u00e4 erilaisia koulutusmatkailusegmenttej\u00e4 (kokemuksellinen, oppimispohjainen ja akateeminen) ja n\u00e4ist\u00e4 kiinnostuneiden ryhmien tarpeet.<\/p>\n<p>-Miten sijoittaa yritt\u00e4j\u00e4t oikeisiin segmentteihin<\/p>\n<p>-Miten muokata tuotteet kiinalaisryhm\u00e4n kiinnostuksen mukaan<\/p>\n<p>-Miten hy\u00f6dynt\u00e4\u00e4 eri palveluiden yhteisi\u00e4 resursseja<\/p>\n<p>-Tuotteiden toteuttamisprosessi kiinalaisryhmille<\/p>\n<p>-K\u00e4yt\u00e4nn\u00f6llisi\u00e4 vinkkej\u00e4 kiinan kielest\u00e4 matkailupalveluissa<\/p>\n<ul>\n<li>\n<p><strong>Kiinan markkinasparraus 1\/2 pv alkaen<\/strong><\/p>\n<\/li>\n<\/ul>\n<p>Sparraus tarjoaa tukea yritykselle, jolla on jo valmiina liiketoimintasuunnitelma, resursseja ja tuotteita kiinalaisten matkailijoiden houkuttelemiseksi Suomeen. T\u00e4m\u00e4 sparraus auttaa hienos\u00e4\u00e4t\u00e4m\u00e4\u00e4n markkinasuunnitelmaa ja kehitt\u00e4m\u00e4\u00e4n tai parantamaan tuotteita ja liikeideoita. Asiakas saa sparrauksen kautta uusia ideoita ja n\u00e4k\u00f6kulmia, erityisesti kiinalaisten matkailijoiden odotusten ja trendien ymm\u00e4rt\u00e4miseen. Sparrauksessa tarkastellaan erilaisia matkailutuotteita, aktiviteetteja, majoitusvaihtoehtoja, palveluita ja muita tekij\u00f6it\u00e4, painottaen kiinalaisen kulttuurin vaikutusta ja jatkuvasti muuttuvia trendej\u00e4 eri asiakassegmenteiss\u00e4. Keskeisen\u00e4 tavoitteena on l\u00f6yt\u00e4\u00e4 inspiraatiota ja saada neuvoja siit\u00e4, miten matkailuohjelmia ja tuotteita voidaan tehd\u00e4 houkutteleviksi kiinalaismatkailijoille. Toteutetaan englanniksi.<\/p>\n<ul>\n<li><strong>R\u00e4\u00e4t\u00e4l\u00f6ity koulutus<\/strong><\/li>\n<\/ul>\n<p>Yll\u00e4 mainitujen aiheiden lis\u00e4ksi koulutuksen sis\u00e4lt\u00f6 ja pituus voidaan r\u00e4\u00e4t\u00e4l\u00f6id\u00e4 ja sopia asiakkaan tarpeen mukaan.\u00a0<\/p>\n<p><strong>Asiakapalautteet<\/strong><\/p>\n<p><strong>\u201dJ\u00e4ms\u00e4n Koulutusvienti Kiinaan\u201d -projektin koulutuksesta:<\/strong><\/p>\n<p><em>&#8221;Kouluttaja on kovan luokan ammattilainen kyseisess\u00e4 aiheessa, niinp\u00e4 h\u00e4n antoi hyvi\u00e4 tulkintoja ja nosti esiin erinomaisia pointteja kiinalaisesta kulttuurista perustuen omaan kiinalaisen ja suomalaisen kulttuurin tuntemukseensa.&#8221;\u00a0\u00a0<\/em><\/p>\n<p><em>&#8221;Kouluttaja antoi useita esimerkkej\u00e4 kiinalaisten koululaisten ja opiskelijoiden erityistoiveista leiritoiminnan ohjelmien sis\u00e4ll\u00f6ksi.&#8221;<\/em><\/p>\n<p><em>&#8221;Koulutus oli hyvin k\u00e4yt\u00e4nn\u00f6nl\u00e4heist\u00e4 sis\u00e4lt\u00e4en paljon k\u00e4ytt\u00f6kelpoista tietoa ja neuvoja.&#8221;\u00a0\u00a0<\/em><\/p>\n<p><em>&#8221;Koulutus oli eritt\u00e4in sopiva meille. Koulutusmatkailuosuudesta oli eniten hy\u00f6ty\u00e4, koska me Himoksella keskitymme siihen.&#8221;<\/em><\/p>\n<p><em>&#8221;Koulutuksen sis\u00e4lt\u00f6 oli hyvin tiivistetty sis\u00e4lt\u00e4en monipuolista tietoa esimerkiksi kiinalaisesta koulutusj\u00e4rjestelm\u00e4st\u00e4, kiinalaisista luonteenpiirteist\u00e4, ruokailutavoista ja meneill\u00e4\u00e4n olevista koulutusmatkailutrendeist\u00e4.&#8221;\u00a0 \u00a0<\/em><\/p>\n<p><strong>Workshopista &#8221;Erityispiirteet kiinalaisille tarjottavissa palveluissa&#8221; osana \u201dKoulutusmatkailun kehitt\u00e4minen Etel\u00e4-Karjalassa\u201d -hanketta:<\/strong><\/p>\n<p><em>&#8221;Kiinalaisen kulttuurin erityispiirteet ja my\u00f6s tilastot kiinalaismatkailijoista olivat vaikuttavimmat oppimisen alueet minulle. Haluaisin k\u00e4ytt\u00e4\u00e4 viel\u00e4 lis\u00e4p\u00e4ivi\u00e4 n\u00e4ihin aiheisiin.&#8221;<\/em><\/p>\n<p><em>&#8221;Oli paljon uutta ja hy\u00f6dyllist\u00e4 tietoa, esim. kiinalaisten ulkomaanmatkailun trendeist\u00e4, vanhempien vaikutuksista leirikouluohjelmaan, miten tehd\u00e4 houkuttelevia leirikouluohjelmia kiinalaisille.&#8221;<\/em><\/p>\n<p><em>&#8221;Ty\u00f6pajasta sain kokonaiskuvauksen matkailupalvelujen tuottamisesta kiinalaismatkailijoille&#8221;<\/em><\/p>\n<p><em>&#8221;Kouluttaja oli syntyper\u00e4inen kiinalainen, joka pystyi neuvomaan meit\u00e4 suomalaisia kiinalaisesta n\u00e4k\u00f6kulmasta onnistumaan paremmin.&#8221;<\/em><\/p>\n<p><em>&#8221;Saimme paljon k\u00e4yt\u00e4nn\u00f6n ohjeita.&#8221;<\/em><\/p>\n<p><em>&#8221;Suosittelen ehdottomasti t\u00e4llaista ty\u00f6pajaa jokaiselle, joka on kiinnostunut kiinalaisista turisteista.&#8221;<\/em><\/p>\n<p><strong>&#8221;Archipelago attractions&#8221; -hankkeen valmennuksesta:<\/strong><\/p>\n<p><em>\u201dWei Lu has helped us understand the mechanism and requirements of the Chinese market and helped us on the way to reach our goals. Kalle&#8217;s Inn has expanded quite quickly during 2017 with eight new seaside luxury bungalows. One of the prioritized target markets is China. This is a relatively unknown area for us. We were all impressed by the dedicated attitude and expertise knowledge Wei Lu gave us in the workshop arranged by the project &#8221;Archipelago attractions&#8221;. I highly recommend Wei Lu as an expert for coaching and consulting on Chinese outbound tourism.\u201d<\/em><\/p>\n<p class=\"u-mar-t-xs-5\" style=\"padding-left: 40px;\">\u2013Peter K\u00e4llberg, Project Manager, Vaasanseudun kehitys Oy<\/p>\n\n\n<p><\/p>\n","protected":false},"excerpt":{"rendered":"<p>Yrityksemme on Visit Finland Akatemian valmenttaja. Tarjoamme valmennusta seuraavista aiheista: Tuotekehitt\u00e4minen Kiinan markkinoille, (Steady &amp; Go) 1\/2 \u2013 1 pv &#8211; Miten kehitt\u00e4\u00e4 Culture Finland -tuotteita, erityisesti design-teeman tuotteita Kiinan <a class=\"more-link\" href=\"http:\/\/gatec.fi\/wordpress\/visit-finland-valmentaja\/\">Continue Reading &amp;rarr;<\/a><\/p>\n","protected":false},"author":1,"featured_media":0,"parent":0,"menu_order":5,"comment_status":"closed","ping_status":"closed","template":"","meta":{"footnotes":""},"_links":{"self":[{"href":"http:\/\/gatec.fi\/wordpress\/wp-json\/wp\/v2\/pages\/202"}],"collection":[{"href":"http:\/\/gatec.fi\/wordpress\/wp-json\/wp\/v2\/pages"}],"about":[{"href":"http:\/\/gatec.fi\/wordpress\/wp-json\/wp\/v2\/types\/page"}],"author":[{"embeddable":true,"href":"http:\/\/gatec.fi\/wordpress\/wp-json\/wp\/v2\/users\/1"}],"replies":[{"embeddable":true,"href":"http:\/\/gatec.fi\/wordpress\/wp-json\/wp\/v2\/comments?post=202"}],"version-history":[{"count":28,"href":"http:\/\/gatec.fi\/wordpress\/wp-json\/wp\/v2\/pages\/202\/revisions"}],"predecessor-version":[{"id":309,"href":"http:\/\/gatec.fi\/wordpress\/wp-json\/wp\/v2\/pages\/202\/revisions\/309"}],"wp:attachment":[{"href":"http:\/\/gatec.fi\/wordpress\/wp-json\/wp\/v2\/media?parent=202"}],"curies":[{"name":"wp","href":"https:\/\/api.w.org\/{rel}","templated":true}]}}