{"id":260,"date":"2019-04-10T17:23:24","date_gmt":"2019-04-10T14:23:24","guid":{"rendered":"http:\/\/gatec.fi\/wordpress\/?page_id=260"},"modified":"2019-04-10T17:56:46","modified_gmt":"2019-04-10T14:56:46","slug":"kiinan-kulttuurikoulutus","status":"publish","type":"page","link":"http:\/\/gatec.fi\/wordpress\/kiinan-kulttuurikoulutus\/","title":{"rendered":"Kiinan kulttuurikoulutus"},"content":{"rendered":"\n<p>Koulutus\nr\u00e4\u00e4t\u00e4l\u00f6id\u00e4\u00e4n asiakkaan tarpeen mukaan, esim.:<\/p>\n\n\n\n<ul><li>Kiinan liiketoimintaymp\u00e4rist\u00f6<\/li><li>Kiinan liiketoimintakulttuuri<\/li><li>kommunikointi kiinalaisten kanssa<\/li><li>henkil\u00f6st\u00f6hallinnon k\u00e4yt\u00e4nt\u00f6jen\n     sopeuttaminen<\/li><li>kiinan kieli<\/li><\/ul>\n","protected":false},"excerpt":{"rendered":"<p>Koulutus r\u00e4\u00e4t\u00e4l\u00f6id\u00e4\u00e4n asiakkaan tarpeen mukaan, esim.: Kiinan liiketoimintaymp\u00e4rist\u00f6 Kiinan liiketoimintakulttuuri kommunikointi kiinalaisten kanssa henkil\u00f6st\u00f6hallinnon k\u00e4yt\u00e4nt\u00f6jen sopeuttaminen kiinan kieli<\/p>\n","protected":false},"author":2,"featured_media":0,"parent":0,"menu_order":2,"comment_status":"closed","ping_status":"closed","template":"","meta":{"footnotes":""},"_links":{"self":[{"href":"http:\/\/gatec.fi\/wordpress\/wp-json\/wp\/v2\/pages\/260"}],"collection":[{"href":"http:\/\/gatec.fi\/wordpress\/wp-json\/wp\/v2\/pages"}],"about":[{"href":"http:\/\/gatec.fi\/wordpress\/wp-json\/wp\/v2\/types\/page"}],"author":[{"embeddable":true,"href":"http:\/\/gatec.fi\/wordpress\/wp-json\/wp\/v2\/users\/2"}],"replies":[{"embeddable":true,"href":"http:\/\/gatec.fi\/wordpress\/wp-json\/wp\/v2\/comments?post=260"}],"version-history":[{"count":1,"href":"http:\/\/gatec.fi\/wordpress\/wp-json\/wp\/v2\/pages\/260\/revisions"}],"predecessor-version":[{"id":261,"href":"http:\/\/gatec.fi\/wordpress\/wp-json\/wp\/v2\/pages\/260\/revisions\/261"}],"wp:attachment":[{"href":"http:\/\/gatec.fi\/wordpress\/wp-json\/wp\/v2\/media?parent=260"}],"curies":[{"name":"wp","href":"https:\/\/api.w.org\/{rel}","templated":true}]}}