{"id":263,"date":"2019-04-10T17:34:48","date_gmt":"2019-04-10T14:34:48","guid":{"rendered":"http:\/\/gatec.fi\/wordpress\/?page_id=263"},"modified":"2019-04-10T17:57:02","modified_gmt":"2019-04-10T14:57:02","slug":"kiinan-markkinointisuunnittelu","status":"publish","type":"page","link":"http:\/\/gatec.fi\/wordpress\/kiinan-markkinointisuunnittelu\/","title":{"rendered":"Kiinan markkinointisuunnittelu"},"content":{"rendered":"\n<p>Tarjoamme\nseuraavat palvelut<\/p>\n\n\n\n<ul><li>Kiinan markkinatutkimus<\/li><li>materiaalien k\u00e4\u00e4nt\u00e4minen suomi-englanti-kiina, esim. esitteet, nettisivut ja tuoteselosteet<\/li><li>kiinalaisen nettisivususton suunnittelu, esim. nettisivun ulkoasu, v\u00e4rit, tekstin sis\u00e4lt\u00f6<\/li><li>kiinankielisten k\u00e4yntikorttien suunnittelu<\/li><\/ul>\n","protected":false},"excerpt":{"rendered":"<p>Tarjoamme seuraavat palvelut Kiinan markkinatutkimus materiaalien k\u00e4\u00e4nt\u00e4minen suomi-englanti-kiina, esim. esitteet, nettisivut ja tuoteselosteet kiinalaisen nettisivususton suunnittelu, esim. nettisivun ulkoasu, v\u00e4rit, tekstin sis\u00e4lt\u00f6 kiinankielisten k\u00e4yntikorttien suunnittelu<\/p>\n","protected":false},"author":2,"featured_media":0,"parent":0,"menu_order":4,"comment_status":"closed","ping_status":"closed","template":"","meta":{"footnotes":""},"_links":{"self":[{"href":"http:\/\/gatec.fi\/wordpress\/wp-json\/wp\/v2\/pages\/263"}],"collection":[{"href":"http:\/\/gatec.fi\/wordpress\/wp-json\/wp\/v2\/pages"}],"about":[{"href":"http:\/\/gatec.fi\/wordpress\/wp-json\/wp\/v2\/types\/page"}],"author":[{"embeddable":true,"href":"http:\/\/gatec.fi\/wordpress\/wp-json\/wp\/v2\/users\/2"}],"replies":[{"embeddable":true,"href":"http:\/\/gatec.fi\/wordpress\/wp-json\/wp\/v2\/comments?post=263"}],"version-history":[{"count":2,"href":"http:\/\/gatec.fi\/wordpress\/wp-json\/wp\/v2\/pages\/263\/revisions"}],"predecessor-version":[{"id":266,"href":"http:\/\/gatec.fi\/wordpress\/wp-json\/wp\/v2\/pages\/263\/revisions\/266"}],"wp:attachment":[{"href":"http:\/\/gatec.fi\/wordpress\/wp-json\/wp\/v2\/media?parent=263"}],"curies":[{"name":"wp","href":"https:\/\/api.w.org\/{rel}","templated":true}]}}